{"id":16,"date":"2022-05-26T18:27:25","date_gmt":"2022-05-26T18:27:25","guid":{"rendered":"https:\/\/www.autothoss.cz\/?page_id=16"},"modified":"2022-05-28T18:16:58","modified_gmt":"2022-05-28T16:16:58","slug":"sluzby","status":"publish","type":"page","link":"https:\/\/www.autothoss.cz\/?page_id=16","title":{"rendered":"Slu\u017eby"},"content":{"rendered":"\n<ul class=\"wp-block-list\"><li><strong>Recyklace stavebn\u00edho odpadu<\/strong><\/li><li><strong>Autoservis, Pneuservis\u200b<\/strong><\/li><li><strong>Autodoprava, kontejnerov\u00e1 p\u0159eprava<\/strong><\/li><li><strong>Mechanizace, zemn\u00ed a v\u00fdkopov\u00e9 pr\u00e1ce\u200b\u200b<\/strong><\/li><li><strong>Demolice<\/strong><\/li><li><strong>Prodej kamene a p\u00edsku<\/strong><\/li><\/ul>\n\n\n\n<figure class=\"wp-block-gallery has-nested-images columns-default is-cropped wp-block-gallery-1 is-layout-flex wp-block-gallery-is-layout-flex\">\n<figure class=\"wp-block-image size-large\"><a href=\"https:\/\/www.autothoss.cz\/wp-content\/uploads\/2022\/05\/P1060609.jpg\"><img loading=\"lazy\" decoding=\"async\" width=\"2048\" height=\"1536\" data-id=\"45\" src=\"https:\/\/www.autothoss.cz\/wp-content\/uploads\/2022\/05\/P1060609.jpg\" alt=\"\" class=\"wp-image-45\" srcset=\"https:\/\/www.autothoss.cz\/wp-content\/uploads\/2022\/05\/P1060609.jpg 2048w, https:\/\/www.autothoss.cz\/wp-content\/uploads\/2022\/05\/P1060609-300x225.jpg 300w, https:\/\/www.autothoss.cz\/wp-content\/uploads\/2022\/05\/P1060609-1024x768.jpg 1024w, https:\/\/www.autothoss.cz\/wp-content\/uploads\/2022\/05\/P1060609-768x576.jpg 768w, https:\/\/www.autothoss.cz\/wp-content\/uploads\/2022\/05\/P1060609-1536x1152.jpg 1536w, https:\/\/www.autothoss.cz\/wp-content\/uploads\/2022\/05\/P1060609-333x250.jpg 333w\" sizes=\"auto, (max-width: 2048px) 100vw, 2048px\" \/><\/a><\/figure>\n\n\n\n<figure class=\"wp-block-image size-large\"><a href=\"https:\/\/www.autothoss.cz\/wp-content\/uploads\/2022\/05\/P1060581.jpg\"><img loading=\"lazy\" decoding=\"async\" width=\"2048\" height=\"1536\" data-id=\"44\" src=\"https:\/\/www.autothoss.cz\/wp-content\/uploads\/2022\/05\/P1060581.jpg\" alt=\"\" class=\"wp-image-44\" srcset=\"https:\/\/www.autothoss.cz\/wp-content\/uploads\/2022\/05\/P1060581.jpg 2048w, https:\/\/www.autothoss.cz\/wp-content\/uploads\/2022\/05\/P1060581-300x225.jpg 300w, https:\/\/www.autothoss.cz\/wp-content\/uploads\/2022\/05\/P1060581-1024x768.jpg 1024w, https:\/\/www.autothoss.cz\/wp-content\/uploads\/2022\/05\/P1060581-768x576.jpg 768w, https:\/\/www.autothoss.cz\/wp-content\/uploads\/2022\/05\/P1060581-1536x1152.jpg 1536w, https:\/\/www.autothoss.cz\/wp-content\/uploads\/2022\/05\/P1060581-333x250.jpg 333w\" sizes=\"auto, (max-width: 2048px) 100vw, 2048px\" \/><\/a><\/figure>\n\n\n\n<figure class=\"wp-block-image size-large\"><a href=\"https:\/\/www.autothoss.cz\/wp-content\/uploads\/2022\/05\/P1060725.jpg\"><img loading=\"lazy\" decoding=\"async\" width=\"2048\" height=\"1536\" data-id=\"47\" src=\"https:\/\/www.autothoss.cz\/wp-content\/uploads\/2022\/05\/P1060725.jpg\" alt=\"\" class=\"wp-image-47\" srcset=\"https:\/\/www.autothoss.cz\/wp-content\/uploads\/2022\/05\/P1060725.jpg 2048w, https:\/\/www.autothoss.cz\/wp-content\/uploads\/2022\/05\/P1060725-300x225.jpg 300w, https:\/\/www.autothoss.cz\/wp-content\/uploads\/2022\/05\/P1060725-1024x768.jpg 1024w, https:\/\/www.autothoss.cz\/wp-content\/uploads\/2022\/05\/P1060725-768x576.jpg 768w, https:\/\/www.autothoss.cz\/wp-content\/uploads\/2022\/05\/P1060725-1536x1152.jpg 1536w, https:\/\/www.autothoss.cz\/wp-content\/uploads\/2022\/05\/P1060725-333x250.jpg 333w\" sizes=\"auto, (max-width: 2048px) 100vw, 2048px\" \/><\/a><\/figure>\n\n\n\n<figure class=\"wp-block-image size-large\"><img loading=\"lazy\" decoding=\"async\" width=\"2048\" height=\"1232\" data-id=\"50\" src=\"https:\/\/www.autothoss.cz\/wp-content\/uploads\/2022\/05\/20160824_110846-1.jpg\" alt=\"\" class=\"wp-image-50\" srcset=\"https:\/\/www.autothoss.cz\/wp-content\/uploads\/2022\/05\/20160824_110846-1.jpg 2048w, https:\/\/www.autothoss.cz\/wp-content\/uploads\/2022\/05\/20160824_110846-1-300x180.jpg 300w, https:\/\/www.autothoss.cz\/wp-content\/uploads\/2022\/05\/20160824_110846-1-1024x616.jpg 1024w, https:\/\/www.autothoss.cz\/wp-content\/uploads\/2022\/05\/20160824_110846-1-768x462.jpg 768w, https:\/\/www.autothoss.cz\/wp-content\/uploads\/2022\/05\/20160824_110846-1-1536x924.jpg 1536w, https:\/\/www.autothoss.cz\/wp-content\/uploads\/2022\/05\/20160824_110846-1-370x223.jpg 370w\" sizes=\"auto, (max-width: 2048px) 100vw, 2048px\" \/><\/figure>\n\n\n\n<figure class=\"wp-block-image size-large\"><img loading=\"lazy\" decoding=\"async\" width=\"2560\" height=\"1244\" data-id=\"108\" src=\"https:\/\/www.autothoss.cz\/wp-content\/uploads\/2022\/05\/20190517_092118-scaled.jpg\" alt=\"\" class=\"wp-image-108\" srcset=\"https:\/\/www.autothoss.cz\/wp-content\/uploads\/2022\/05\/20190517_092118-scaled.jpg 2560w, https:\/\/www.autothoss.cz\/wp-content\/uploads\/2022\/05\/20190517_092118-300x146.jpg 300w, https:\/\/www.autothoss.cz\/wp-content\/uploads\/2022\/05\/20190517_092118-1024x498.jpg 1024w, https:\/\/www.autothoss.cz\/wp-content\/uploads\/2022\/05\/20190517_092118-768x373.jpg 768w, https:\/\/www.autothoss.cz\/wp-content\/uploads\/2022\/05\/20190517_092118-1536x747.jpg 1536w, https:\/\/www.autothoss.cz\/wp-content\/uploads\/2022\/05\/20190517_092118-2048x996.jpg 2048w, https:\/\/www.autothoss.cz\/wp-content\/uploads\/2022\/05\/20190517_092118-370x180.jpg 370w\" sizes=\"auto, (max-width: 2560px) 100vw, 2560px\" \/><\/figure>\n\n\n\n<figure class=\"wp-block-image size-large\"><img loading=\"lazy\" decoding=\"async\" width=\"2560\" height=\"1244\" data-id=\"114\" src=\"https:\/\/www.autothoss.cz\/wp-content\/uploads\/2022\/05\/20220311_155448-scaled.jpg\" alt=\"\" class=\"wp-image-114\" srcset=\"https:\/\/www.autothoss.cz\/wp-content\/uploads\/2022\/05\/20220311_155448-scaled.jpg 2560w, https:\/\/www.autothoss.cz\/wp-content\/uploads\/2022\/05\/20220311_155448-300x146.jpg 300w, https:\/\/www.autothoss.cz\/wp-content\/uploads\/2022\/05\/20220311_155448-1024x498.jpg 1024w, https:\/\/www.autothoss.cz\/wp-content\/uploads\/2022\/05\/20220311_155448-768x373.jpg 768w, https:\/\/www.autothoss.cz\/wp-content\/uploads\/2022\/05\/20220311_155448-1536x747.jpg 1536w, https:\/\/www.autothoss.cz\/wp-content\/uploads\/2022\/05\/20220311_155448-2048x996.jpg 2048w, https:\/\/www.autothoss.cz\/wp-content\/uploads\/2022\/05\/20220311_155448-370x180.jpg 370w\" sizes=\"auto, (max-width: 2560px) 100vw, 2560px\" \/><\/figure>\n<\/figure>\n","protected":false},"excerpt":{"rendered":"<p>Recyklace stavebn\u00edho odpadu Autoservis, Pneuservis\u200b Autodoprava, kontejnerov\u00e1 p\u0159eprava Mechanizace, zemn\u00ed a v\u00fdkopov\u00e9 pr\u00e1ce\u200b\u200b Demolice Prodej kamene a p\u00edsku<\/p>\n","protected":false},"author":1,"featured_media":0,"parent":0,"menu_order":0,"comment_status":"closed","ping_status":"closed","template":"","meta":{"footnotes":""},"class_list":["post-16","page","type-page","status-publish","hentry"],"_links":{"self":[{"href":"https:\/\/www.autothoss.cz\/index.php?rest_route=\/wp\/v2\/pages\/16","targetHints":{"allow":["GET"]}}],"collection":[{"href":"https:\/\/www.autothoss.cz\/index.php?rest_route=\/wp\/v2\/pages"}],"about":[{"href":"https:\/\/www.autothoss.cz\/index.php?rest_route=\/wp\/v2\/types\/page"}],"author":[{"embeddable":true,"href":"https:\/\/www.autothoss.cz\/index.php?rest_route=\/wp\/v2\/users\/1"}],"replies":[{"embeddable":true,"href":"https:\/\/www.autothoss.cz\/index.php?rest_route=%2Fwp%2Fv2%2Fcomments&post=16"}],"version-history":[{"count":4,"href":"https:\/\/www.autothoss.cz\/index.php?rest_route=\/wp\/v2\/pages\/16\/revisions"}],"predecessor-version":[{"id":137,"href":"https:\/\/www.autothoss.cz\/index.php?rest_route=\/wp\/v2\/pages\/16\/revisions\/137"}],"wp:attachment":[{"href":"https:\/\/www.autothoss.cz\/index.php?rest_route=%2Fwp%2Fv2%2Fmedia&parent=16"}],"curies":[{"name":"wp","href":"https:\/\/api.w.org\/{rel}","templated":true}]}}