{"id":19,"date":"2022-05-26T18:27:25","date_gmt":"2022-05-26T18:27:25","guid":{"rendered":"https:\/\/www.autothoss.cz\/?page_id=19"},"modified":"2022-05-31T23:00:25","modified_gmt":"2022-05-31T21:00:25","slug":"kontakt","status":"publish","type":"page","link":"https:\/\/www.autothoss.cz\/?page_id=19","title":{"rendered":"Autoservis, Pneuservis\u200b"},"content":{"rendered":"\n<h3 class=\"wp-block-heading\">P\u0159ehled<\/h3>\n\n\n\n<ul class=\"wp-block-list\"><li><strong>&nbsp;Autoservis<\/strong><\/li><li><strong>&nbsp;Pneuservis pro osobn\u00ed a n\u00e1kladn\u00ed auta<\/strong><\/li><li><strong>&nbsp;Pln\u011bn\u00ed klimatizac\u00ed<\/strong> <strong>R134a,R1234yf<\/strong><\/li><li><strong>&nbsp;Diagnostika vozu<\/strong><\/li><li><strong>&nbsp;P\u0159\u00edprava a proveden\u00ed STK<\/strong><\/li><li><strong>&nbsp;Se\u0159\u00edzen\u00ed geometrie vozu 3D technologi\u00ed<\/strong><\/li><\/ul>\n\n\n\n<figure class=\"wp-block-gallery has-nested-images columns-default is-cropped wp-block-gallery-1 is-layout-flex wp-block-gallery-is-layout-flex\">\n<figure class=\"wp-block-image size-large\"><a href=\"https:\/\/www.autothoss.cz\/wp-content\/uploads\/2022\/05\/20191211_120421-scaled.jpg\" target=\"_blank\" rel=\"noreferrer noopener\"><img loading=\"lazy\" decoding=\"async\" width=\"2560\" height=\"1244\" data-id=\"157\" src=\"https:\/\/www.autothoss.cz\/wp-content\/uploads\/2022\/05\/20191211_120421-scaled.jpg\" alt=\"\" class=\"wp-image-157\" srcset=\"https:\/\/www.autothoss.cz\/wp-content\/uploads\/2022\/05\/20191211_120421-scaled.jpg 2560w, https:\/\/www.autothoss.cz\/wp-content\/uploads\/2022\/05\/20191211_120421-300x146.jpg 300w, https:\/\/www.autothoss.cz\/wp-content\/uploads\/2022\/05\/20191211_120421-1024x498.jpg 1024w, https:\/\/www.autothoss.cz\/wp-content\/uploads\/2022\/05\/20191211_120421-768x373.jpg 768w, https:\/\/www.autothoss.cz\/wp-content\/uploads\/2022\/05\/20191211_120421-1536x747.jpg 1536w, https:\/\/www.autothoss.cz\/wp-content\/uploads\/2022\/05\/20191211_120421-2048x996.jpg 2048w, https:\/\/www.autothoss.cz\/wp-content\/uploads\/2022\/05\/20191211_120421-370x180.jpg 370w\" sizes=\"auto, (max-width: 2560px) 100vw, 2560px\" \/><\/a><\/figure>\n\n\n\n<figure class=\"wp-block-image size-large\"><a href=\"https:\/\/www.autothoss.cz\/wp-content\/uploads\/2022\/05\/20220531_163054-scaled.jpg\" target=\"_blank\" rel=\"noreferrer noopener\"><img loading=\"lazy\" decoding=\"async\" width=\"1024\" height=\"498\" data-id=\"178\" src=\"https:\/\/www.autothoss.cz\/wp-content\/uploads\/2022\/05\/20220531_163054-1024x498.jpg\" alt=\"\" class=\"wp-image-178\" srcset=\"https:\/\/www.autothoss.cz\/wp-content\/uploads\/2022\/05\/20220531_163054-1024x498.jpg 1024w, https:\/\/www.autothoss.cz\/wp-content\/uploads\/2022\/05\/20220531_163054-300x146.jpg 300w, https:\/\/www.autothoss.cz\/wp-content\/uploads\/2022\/05\/20220531_163054-768x373.jpg 768w, https:\/\/www.autothoss.cz\/wp-content\/uploads\/2022\/05\/20220531_163054-1536x747.jpg 1536w, https:\/\/www.autothoss.cz\/wp-content\/uploads\/2022\/05\/20220531_163054-2048x996.jpg 2048w, https:\/\/www.autothoss.cz\/wp-content\/uploads\/2022\/05\/20220531_163054-370x180.jpg 370w\" sizes=\"auto, (max-width: 1024px) 100vw, 1024px\" \/><\/a><\/figure>\n\n\n\n<figure class=\"wp-block-image size-large\"><a href=\"https:\/\/www.autothoss.cz\/wp-content\/uploads\/2022\/05\/20210505_123835-1-scaled.jpg\" target=\"_blank\" rel=\"noreferrer noopener\"><img loading=\"lazy\" decoding=\"async\" width=\"1024\" height=\"498\" data-id=\"160\" src=\"https:\/\/www.autothoss.cz\/wp-content\/uploads\/2022\/05\/20210505_123835-1-1024x498.jpg\" alt=\"\" class=\"wp-image-160\" srcset=\"https:\/\/www.autothoss.cz\/wp-content\/uploads\/2022\/05\/20210505_123835-1-1024x498.jpg 1024w, https:\/\/www.autothoss.cz\/wp-content\/uploads\/2022\/05\/20210505_123835-1-300x146.jpg 300w, https:\/\/www.autothoss.cz\/wp-content\/uploads\/2022\/05\/20210505_123835-1-768x373.jpg 768w, https:\/\/www.autothoss.cz\/wp-content\/uploads\/2022\/05\/20210505_123835-1-1536x747.jpg 1536w, https:\/\/www.autothoss.cz\/wp-content\/uploads\/2022\/05\/20210505_123835-1-2048x996.jpg 2048w, https:\/\/www.autothoss.cz\/wp-content\/uploads\/2022\/05\/20210505_123835-1-370x180.jpg 370w\" sizes=\"auto, (max-width: 1024px) 100vw, 1024px\" \/><\/a><\/figure>\n\n\n\n<figure class=\"wp-block-image size-large\"><a href=\"https:\/\/www.autothoss.cz\/wp-content\/uploads\/2022\/05\/20200622_160216-scaled.jpg\" target=\"_blank\" rel=\"noreferrer noopener\"><img loading=\"lazy\" decoding=\"async\" width=\"2560\" height=\"1244\" data-id=\"158\" src=\"https:\/\/www.autothoss.cz\/wp-content\/uploads\/2022\/05\/20200622_160216-scaled.jpg\" alt=\"\" class=\"wp-image-158\" srcset=\"https:\/\/www.autothoss.cz\/wp-content\/uploads\/2022\/05\/20200622_160216-scaled.jpg 2560w, https:\/\/www.autothoss.cz\/wp-content\/uploads\/2022\/05\/20200622_160216-300x146.jpg 300w, https:\/\/www.autothoss.cz\/wp-content\/uploads\/2022\/05\/20200622_160216-1024x498.jpg 1024w, https:\/\/www.autothoss.cz\/wp-content\/uploads\/2022\/05\/20200622_160216-768x373.jpg 768w, https:\/\/www.autothoss.cz\/wp-content\/uploads\/2022\/05\/20200622_160216-1536x747.jpg 1536w, https:\/\/www.autothoss.cz\/wp-content\/uploads\/2022\/05\/20200622_160216-2048x996.jpg 2048w, https:\/\/www.autothoss.cz\/wp-content\/uploads\/2022\/05\/20200622_160216-370x180.jpg 370w\" sizes=\"auto, (max-width: 2560px) 100vw, 2560px\" \/><\/a><figcaption><strong>&nbsp;Se\u0159\u00edzen\u00ed geometrie vozu 3D technologi\u00ed<\/strong><\/figcaption><\/figure>\n<\/figure>\n","protected":false},"excerpt":{"rendered":"<p>P\u0159ehled &nbsp;Autoservis &nbsp;Pneuservis pro osobn\u00ed a n\u00e1kladn\u00ed auta &nbsp;Pln\u011bn\u00ed klimatizac\u00ed R134a,R1234yf &nbsp;Diagnostika vozu &nbsp;P\u0159\u00edprava a proveden\u00ed STK &nbsp;Se\u0159\u00edzen\u00ed geometrie vozu 3D technologi\u00ed<\/p>\n","protected":false},"author":1,"featured_media":0,"parent":0,"menu_order":0,"comment_status":"closed","ping_status":"closed","template":"","meta":{"footnotes":""},"class_list":["post-19","page","type-page","status-publish","hentry"],"_links":{"self":[{"href":"https:\/\/www.autothoss.cz\/index.php?rest_route=\/wp\/v2\/pages\/19","targetHints":{"allow":["GET"]}}],"collection":[{"href":"https:\/\/www.autothoss.cz\/index.php?rest_route=\/wp\/v2\/pages"}],"about":[{"href":"https:\/\/www.autothoss.cz\/index.php?rest_route=\/wp\/v2\/types\/page"}],"author":[{"embeddable":true,"href":"https:\/\/www.autothoss.cz\/index.php?rest_route=\/wp\/v2\/users\/1"}],"replies":[{"embeddable":true,"href":"https:\/\/www.autothoss.cz\/index.php?rest_route=%2Fwp%2Fv2%2Fcomments&post=19"}],"version-history":[{"count":10,"href":"https:\/\/www.autothoss.cz\/index.php?rest_route=\/wp\/v2\/pages\/19\/revisions"}],"predecessor-version":[{"id":201,"href":"https:\/\/www.autothoss.cz\/index.php?rest_route=\/wp\/v2\/pages\/19\/revisions\/201"}],"wp:attachment":[{"href":"https:\/\/www.autothoss.cz\/index.php?rest_route=%2Fwp%2Fv2%2Fmedia&parent=19"}],"curies":[{"name":"wp","href":"https:\/\/api.w.org\/{rel}","templated":true}]}}