{"id":2,"date":"2022-04-27T10:04:36","date_gmt":"2022-04-27T10:04:36","guid":{"rendered":"http:\/\/localhost\/wordpress\/?page_id=2"},"modified":"2022-05-26T20:26:14","modified_gmt":"2022-05-26T20:26:14","slug":"sample-page","status":"publish","type":"page","link":"https:\/\/www.autothoss.cz\/","title":{"rendered":"Sample Page"},"content":{"rendered":"\n<h2 class=\"wp-block-heading\">Zpracov\u00e1n\u00ed, recyklace a t\u0159\u00edd\u011bn\u00ed stavebn\u00edch materi\u00e1l\u016f a zemin\u00a0|\u00a0Autoservis, pneuservis\u00a0|\u00a0Autodoprava, p\u0159eprava t\u011b\u017ek\u00fdch n\u00e1klad\u016f\u00a0|\u00a0Mechanizace, zemn\u00ed a v\u00fdkopov\u00e9 pr\u00e1ce\u00a0|\u00a0Demolice\u00a0|\u00a0Prodej kamene a p\u00edsk\u016f<\/h2>\n\n\n\n<h2 class=\"wp-block-heading\">VernerThoss<\/h2>\n\n\n\n<p><\/p>\n","protected":false},"excerpt":{"rendered":"<p>Zpracov\u00e1n\u00ed, recyklace a t\u0159\u00edd\u011bn\u00ed stavebn\u00edch materi\u00e1l\u016f a zemin\u00a0|\u00a0Autoservis, pneuservis\u00a0|\u00a0Autodoprava, p\u0159eprava t\u011b\u017ek\u00fdch n\u00e1klad\u016f\u00a0|\u00a0Mechanizace, zemn\u00ed a v\u00fdkopov\u00e9 pr\u00e1ce\u00a0|\u00a0Demolice\u00a0|\u00a0Prodej kamene a p\u00edsk\u016f VernerThoss<\/p>\n","protected":false},"author":1,"featured_media":0,"parent":0,"menu_order":0,"comment_status":"closed","ping_status":"open","template":"","meta":{"footnotes":""},"class_list":["post-2","page","type-page","status-publish","hentry"],"_links":{"self":[{"href":"https:\/\/www.autothoss.cz\/index.php?rest_route=\/wp\/v2\/pages\/2","targetHints":{"allow":["GET"]}}],"collection":[{"href":"https:\/\/www.autothoss.cz\/index.php?rest_route=\/wp\/v2\/pages"}],"about":[{"href":"https:\/\/www.autothoss.cz\/index.php?rest_route=\/wp\/v2\/types\/page"}],"author":[{"embeddable":true,"href":"https:\/\/www.autothoss.cz\/index.php?rest_route=\/wp\/v2\/users\/1"}],"replies":[{"embeddable":true,"href":"https:\/\/www.autothoss.cz\/index.php?rest_route=%2Fwp%2Fv2%2Fcomments&post=2"}],"version-history":[{"count":1,"href":"https:\/\/www.autothoss.cz\/index.php?rest_route=\/wp\/v2\/pages\/2\/revisions"}],"predecessor-version":[{"id":72,"href":"https:\/\/www.autothoss.cz\/index.php?rest_route=\/wp\/v2\/pages\/2\/revisions\/72"}],"wp:attachment":[{"href":"https:\/\/www.autothoss.cz\/index.php?rest_route=%2Fwp%2Fv2%2Fmedia&parent=2"}],"curies":[{"name":"wp","href":"https:\/\/api.w.org\/{rel}","templated":true}]}}