{"id":89,"date":"2022-05-26T21:23:58","date_gmt":"2022-05-26T21:23:58","guid":{"rendered":"https:\/\/www.autothoss.cz\/?page_id=89"},"modified":"2022-05-29T19:34:44","modified_gmt":"2022-05-29T17:34:44","slug":"kontejnery","status":"publish","type":"page","link":"https:\/\/www.autothoss.cz\/?page_id=89","title":{"rendered":"Kontejnerov\u00e1 p\u0159eprava"},"content":{"rendered":"\n<h2 class=\"wp-block-heading\">Autodoprava, kontejnerov\u00e1 p\u0159eprava<\/h2>\n\n\n\n<h3 class=\"wp-block-heading\">N\u00e1kladn\u00ed doprava<\/h3>\n\n\n\n<p>Disponujeme mnoha typy vozidel, d\u00edky kter\u00fdm lze p\u0159em\u00edstit \u0161irokou \u0161k\u00e1lu n\u00e1klad\u016f. Na\u0161e n\u00e1kladn\u00ed doprava V\u00e1m pom\u016f\u017ee p\u0159em\u00edstit zeminu, su\u0165, \u0161t\u011brk, p\u00edsek a dal\u0161\u00ed materi\u00e1ly. Nadm\u011brn\u00e1 doprava je V\u00e1m k dispozici pro p\u0159epravu stroj\u016f a jin\u00fdch za\u0159\u00edzen\u00edch.<\/p>\n\n\n\n<h3 class=\"wp-block-heading\">Kontejnerov\u00e1 doprava<\/h3>\n\n\n\n<p><strong>Disponujeme velk\u00fdm mno\u017estv\u00edm kontejner\u016f<\/strong>.<\/p>\n\n\n\n<p><\/p>\n\n\n\n<figure class=\"wp-block-gallery has-nested-images columns-default is-cropped wp-block-gallery-1 is-layout-flex wp-block-gallery-is-layout-flex\">\n<figure class=\"wp-block-image size-large\"><a href=\"https:\/\/www.autothoss.cz\/wp-content\/uploads\/2022\/05\/20220527_183815-scaled.jpg\" target=\"_blank\" rel=\"noopener\"><img loading=\"lazy\" decoding=\"async\" width=\"2560\" height=\"1244\" data-id=\"119\" src=\"https:\/\/www.autothoss.cz\/wp-content\/uploads\/2022\/05\/20220527_183815-scaled.jpg\" alt=\"\" class=\"wp-image-119\" srcset=\"https:\/\/www.autothoss.cz\/wp-content\/uploads\/2022\/05\/20220527_183815-scaled.jpg 2560w, https:\/\/www.autothoss.cz\/wp-content\/uploads\/2022\/05\/20220527_183815-300x146.jpg 300w, https:\/\/www.autothoss.cz\/wp-content\/uploads\/2022\/05\/20220527_183815-1024x498.jpg 1024w, https:\/\/www.autothoss.cz\/wp-content\/uploads\/2022\/05\/20220527_183815-768x373.jpg 768w, https:\/\/www.autothoss.cz\/wp-content\/uploads\/2022\/05\/20220527_183815-1536x747.jpg 1536w, https:\/\/www.autothoss.cz\/wp-content\/uploads\/2022\/05\/20220527_183815-2048x996.jpg 2048w, https:\/\/www.autothoss.cz\/wp-content\/uploads\/2022\/05\/20220527_183815-370x180.jpg 370w\" sizes=\"auto, (max-width: 2560px) 100vw, 2560px\" \/><\/a><\/figure>\n\n\n\n<figure class=\"wp-block-image size-large\"><a href=\"https:\/\/www.autothoss.cz\/wp-content\/uploads\/2022\/05\/20190515_152045-scaled.jpg\" target=\"_blank\" rel=\"noopener\"><img loading=\"lazy\" decoding=\"async\" width=\"2560\" height=\"1244\" data-id=\"107\" src=\"https:\/\/www.autothoss.cz\/wp-content\/uploads\/2022\/05\/20190515_152045-scaled.jpg\" alt=\"\" class=\"wp-image-107\" srcset=\"https:\/\/www.autothoss.cz\/wp-content\/uploads\/2022\/05\/20190515_152045-scaled.jpg 2560w, https:\/\/www.autothoss.cz\/wp-content\/uploads\/2022\/05\/20190515_152045-300x146.jpg 300w, https:\/\/www.autothoss.cz\/wp-content\/uploads\/2022\/05\/20190515_152045-1024x498.jpg 1024w, https:\/\/www.autothoss.cz\/wp-content\/uploads\/2022\/05\/20190515_152045-768x373.jpg 768w, https:\/\/www.autothoss.cz\/wp-content\/uploads\/2022\/05\/20190515_152045-1536x747.jpg 1536w, https:\/\/www.autothoss.cz\/wp-content\/uploads\/2022\/05\/20190515_152045-2048x996.jpg 2048w, https:\/\/www.autothoss.cz\/wp-content\/uploads\/2022\/05\/20190515_152045-370x180.jpg 370w\" sizes=\"auto, (max-width: 2560px) 100vw, 2560px\" \/><\/a><\/figure>\n\n\n\n<figure class=\"wp-block-image size-large\"><a href=\"https:\/\/www.autothoss.cz\/wp-content\/uploads\/2022\/05\/20180921_105055-scaled.jpg\" target=\"_blank\" rel=\"noopener\"><img loading=\"lazy\" decoding=\"async\" width=\"2560\" height=\"1244\" data-id=\"106\" src=\"https:\/\/www.autothoss.cz\/wp-content\/uploads\/2022\/05\/20180921_105055-scaled.jpg\" alt=\"\" class=\"wp-image-106\" srcset=\"https:\/\/www.autothoss.cz\/wp-content\/uploads\/2022\/05\/20180921_105055-scaled.jpg 2560w, https:\/\/www.autothoss.cz\/wp-content\/uploads\/2022\/05\/20180921_105055-300x146.jpg 300w, https:\/\/www.autothoss.cz\/wp-content\/uploads\/2022\/05\/20180921_105055-1024x498.jpg 1024w, https:\/\/www.autothoss.cz\/wp-content\/uploads\/2022\/05\/20180921_105055-768x373.jpg 768w, https:\/\/www.autothoss.cz\/wp-content\/uploads\/2022\/05\/20180921_105055-1536x747.jpg 1536w, https:\/\/www.autothoss.cz\/wp-content\/uploads\/2022\/05\/20180921_105055-2048x996.jpg 2048w, https:\/\/www.autothoss.cz\/wp-content\/uploads\/2022\/05\/20180921_105055-370x180.jpg 370w\" sizes=\"auto, (max-width: 2560px) 100vw, 2560px\" \/><\/a><\/figure>\n\n\n\n<figure class=\"wp-block-image size-large\"><a href=\"https:\/\/www.autothoss.cz\/wp-content\/uploads\/2022\/05\/20180620_123723-scaled.jpg\" target=\"_blank\" rel=\"noopener\"><img loading=\"lazy\" decoding=\"async\" width=\"2560\" height=\"1440\" data-id=\"156\" src=\"https:\/\/www.autothoss.cz\/wp-content\/uploads\/2022\/05\/20180620_123723-scaled.jpg\" alt=\"\" class=\"wp-image-156\" srcset=\"https:\/\/www.autothoss.cz\/wp-content\/uploads\/2022\/05\/20180620_123723-scaled.jpg 2560w, https:\/\/www.autothoss.cz\/wp-content\/uploads\/2022\/05\/20180620_123723-300x169.jpg 300w, https:\/\/www.autothoss.cz\/wp-content\/uploads\/2022\/05\/20180620_123723-1024x576.jpg 1024w, https:\/\/www.autothoss.cz\/wp-content\/uploads\/2022\/05\/20180620_123723-768x432.jpg 768w, https:\/\/www.autothoss.cz\/wp-content\/uploads\/2022\/05\/20180620_123723-1536x864.jpg 1536w, https:\/\/www.autothoss.cz\/wp-content\/uploads\/2022\/05\/20180620_123723-2048x1152.jpg 2048w, https:\/\/www.autothoss.cz\/wp-content\/uploads\/2022\/05\/20180620_123723-370x208.jpg 370w\" sizes=\"auto, (max-width: 2560px) 100vw, 2560px\" \/><\/a><\/figure>\n\n\n\n<figure class=\"wp-block-image size-large\"><a href=\"https:\/\/www.autothoss.cz\/wp-content\/uploads\/2022\/05\/20220209_125553-scaled.jpg\" target=\"_blank\" rel=\"noopener\"><img loading=\"lazy\" decoding=\"async\" width=\"2560\" height=\"1244\" data-id=\"167\" src=\"https:\/\/www.autothoss.cz\/wp-content\/uploads\/2022\/05\/20220209_125553-scaled.jpg\" alt=\"\" class=\"wp-image-167\" srcset=\"https:\/\/www.autothoss.cz\/wp-content\/uploads\/2022\/05\/20220209_125553-scaled.jpg 2560w, https:\/\/www.autothoss.cz\/wp-content\/uploads\/2022\/05\/20220209_125553-300x146.jpg 300w, https:\/\/www.autothoss.cz\/wp-content\/uploads\/2022\/05\/20220209_125553-1024x498.jpg 1024w, https:\/\/www.autothoss.cz\/wp-content\/uploads\/2022\/05\/20220209_125553-768x373.jpg 768w, https:\/\/www.autothoss.cz\/wp-content\/uploads\/2022\/05\/20220209_125553-1536x747.jpg 1536w, https:\/\/www.autothoss.cz\/wp-content\/uploads\/2022\/05\/20220209_125553-2048x996.jpg 2048w, https:\/\/www.autothoss.cz\/wp-content\/uploads\/2022\/05\/20220209_125553-370x180.jpg 370w\" sizes=\"auto, (max-width: 2560px) 100vw, 2560px\" \/><\/a><\/figure>\n<\/figure>\n","protected":false},"excerpt":{"rendered":"<p>Autodoprava, kontejnerov\u00e1 p\u0159eprava N\u00e1kladn\u00ed doprava Disponujeme mnoha typy vozidel, d\u00edky kter\u00fdm lze p\u0159em\u00edstit \u0161irokou \u0161k\u00e1lu n\u00e1klad\u016f. Na\u0161e n\u00e1kladn\u00ed doprava V\u00e1m pom\u016f\u017ee p\u0159em\u00edstit zeminu, su\u0165, \u0161t\u011brk, p\u00edsek a dal\u0161\u00ed materi\u00e1ly. Nadm\u011brn\u00e1 doprava je V\u00e1m k dispozici pro p\u0159epravu stroj\u016f a jin\u00fdch za\u0159\u00edzen\u00edch. Kontejnerov\u00e1 doprava Disponujeme velk\u00fdm mno\u017estv\u00edm kontejner\u016f.<\/p>\n","protected":false},"author":1,"featured_media":0,"parent":0,"menu_order":0,"comment_status":"closed","ping_status":"closed","template":"","meta":{"footnotes":""},"class_list":["post-89","page","type-page","status-publish","hentry"],"_links":{"self":[{"href":"https:\/\/www.autothoss.cz\/index.php?rest_route=\/wp\/v2\/pages\/89","targetHints":{"allow":["GET"]}}],"collection":[{"href":"https:\/\/www.autothoss.cz\/index.php?rest_route=\/wp\/v2\/pages"}],"about":[{"href":"https:\/\/www.autothoss.cz\/index.php?rest_route=\/wp\/v2\/types\/page"}],"author":[{"embeddable":true,"href":"https:\/\/www.autothoss.cz\/index.php?rest_route=\/wp\/v2\/users\/1"}],"replies":[{"embeddable":true,"href":"https:\/\/www.autothoss.cz\/index.php?rest_route=%2Fwp%2Fv2%2Fcomments&post=89"}],"version-history":[{"count":6,"href":"https:\/\/www.autothoss.cz\/index.php?rest_route=\/wp\/v2\/pages\/89\/revisions"}],"predecessor-version":[{"id":172,"href":"https:\/\/www.autothoss.cz\/index.php?rest_route=\/wp\/v2\/pages\/89\/revisions\/172"}],"wp:attachment":[{"href":"https:\/\/www.autothoss.cz\/index.php?rest_route=%2Fwp%2Fv2%2Fmedia&parent=89"}],"curies":[{"name":"wp","href":"https:\/\/api.w.org\/{rel}","templated":true}]}}